{"id":1226,"date":"2025-04-15T18:13:28","date_gmt":"2025-04-15T23:13:28","guid":{"rendered":"https:\/\/fundacion.narrarelfuturo.com\/?page_id=1226"},"modified":"2025-04-22T22:11:16","modified_gmt":"2025-04-23T03:11:16","slug":"multimedia","status":"publish","type":"page","link":"https:\/\/fundacion.narrarelfuturo.com\/?page_id=1226","title":{"rendered":"MULTIMEDIA"},"content":{"rendered":"\n<div class=\"wp-block-stackable-subtitle stk-block-subtitle stk-block stk-b784101\" data-block-id=\"b784101\"><style>.stk-b784101 {margin-bottom:0px !important;}.stk-b784101 .stk-block-subtitle__text{text-shadow:6px 6px 4px rgba(120, 120, 120, 0.2) !important;font-size:37px !important;color:#000000 !important;letter-spacing:-0.7px !important;}@media screen and (max-width:999px){.stk-b784101 .stk-block-subtitle__text{font-size:37px !important;}}<\/style><p class=\"stk-block-subtitle__text stk-subtitle has-text-color\">PODCAST<\/p><\/div>\n\n\n\n<div class=\"wp-block-stackable-feature-grid alignfull stk-block-feature-grid stk-block-columns stk-block stk-74a6e69 is-style-default\" data-block-id=\"74a6e69\"><style>.stk-74a6e69 {margin-bottom:133px !important;}<\/style><div class=\"stk-row stk-inner-blocks has-text-align-left stk-block-content stk-content-align stk-74a6e69-column alignwide\">\n<div class=\"wp-block-stackable-column stk-block-column stk-column stk-block stk-31e4567\" data-v=\"4\" data-block-id=\"31e4567\"><style>.stk-31e4567-container{box-shadow:0px 2px 20px rgba(153, 153, 153, 0.2) !important;}<\/style><div class=\"stk-column-wrapper stk-block-column__content stk-container stk-31e4567-container stk-hover-parent\"><div class=\"stk-block-content stk-inner-blocks stk-31e4567-inner-blocks\">\n<div class=\"wp-block-stackable-image stk-block-image stk-block stk-c7a9663\" data-block-id=\"c7a9663\"><figure><span class=\"stk-img-wrapper stk-image--shape-stretch\"><img fetchpriority=\"high\" decoding=\"async\" class=\"stk-img wp-image-2334\" src=\"https:\/\/storage.googleapis.com\/stackable-plugin-assets\/library-v3\/section-elevate-service-2\/b0e4a529dd7a.jpg\" width=\"800\" height=\"795\"\/><\/span><\/figure><\/div>\n\n\n\n<div class=\"wp-block-stackable-heading stk-block-heading stk-block-heading--v2 stk-block stk-3c6188c\" id=\"episodio-1\" data-block-id=\"3c6188c\"><style>.stk-3c6188c {margin-bottom:0px !important;}.stk-3c6188c .stk-block-heading__text{font-size:32px !important;color:#000000 !important;font-weight:bold !important;font-family:\"Lato\", Sans-serif !important;}@media screen and (max-width:999px){.stk-3c6188c .stk-block-heading__text{font-size:32px !important;}}<\/style><h2 class=\"stk-block-heading__text has-text-color\">EPISODIO 1<\/h2><\/div>\n\n\n\n<div class=\"wp-block-stackable-text stk-block-text stk-block stk-bbb8bc9\" data-block-id=\"bbb8bc9\"><p class=\"stk-block-text__text\">Descripci\u00f3n del episodio<\/p><\/div>\n\n\n\n<div class=\"wp-block-buttons is-layout-flex wp-block-buttons-is-layout-flex\">\n<div class=\"wp-block-button\"><a class=\"wp-block-button__link wp-element-button\">SPOTITY<\/a><\/div>\n<\/div>\n<\/div><\/div><\/div>\n\n\n\n<div class=\"wp-block-stackable-column stk-block-column stk-column stk-block stk-16a9b86\" data-v=\"4\" data-block-id=\"16a9b86\"><style>.stk-16a9b86-container{box-shadow:0px 2px 20px rgba(153, 153, 153, 0.2) !important;}<\/style><div class=\"stk-column-wrapper stk-block-column__content stk-container stk-16a9b86-container stk-hover-parent\"><div class=\"stk-block-content stk-inner-blocks stk-16a9b86-inner-blocks\">\n<div class=\"wp-block-stackable-image stk-block-image stk-block stk-61cb2ff\" data-block-id=\"61cb2ff\"><figure><span class=\"stk-img-wrapper stk-image--shape-stretch\"><img decoding=\"async\" class=\"stk-img wp-image-2335\" src=\"https:\/\/storage.googleapis.com\/stackable-plugin-assets\/library-v3\/section-elevate-service-2\/4c7ea7742ded.jpg\" width=\"800\" height=\"795\"\/><\/span><\/figure><\/div>\n\n\n\n<div class=\"wp-block-stackable-heading stk-block-heading stk-block-heading--v2 stk-block stk-d5504e0\" id=\"episodio-2\" data-block-id=\"d5504e0\"><style>.stk-d5504e0 {margin-bottom:0px !important;}.stk-d5504e0 .stk-block-heading__text{font-size:32px !important;color:#000000 !important;font-weight:bold !important;font-family:\"Lato\", Sans-serif !important;}@media screen and (max-width:999px){.stk-d5504e0 .stk-block-heading__text{font-size:32px !important;}}<\/style><h2 class=\"stk-block-heading__text has-text-color\">EPISODIO 2<\/h2><\/div>\n\n\n\n<div class=\"wp-block-stackable-text stk-block-text stk-block stk-c93c0fc\" data-block-id=\"c93c0fc\"><style>.stk-c93c0fc {margin-bottom:23px !important;}<\/style><p class=\"stk-block-text__text\">Descripci\u00f3n del episodio<\/p><\/div>\n\n\n\n<div class=\"wp-block-buttons is-layout-flex wp-block-buttons-is-layout-flex\">\n<div class=\"wp-block-button\"><a class=\"wp-block-button__link wp-element-button\">SPOTIFY<\/a><\/div>\n<\/div>\n<\/div><\/div><\/div>\n\n\n\n<div class=\"wp-block-stackable-column stk-block-column stk-column stk-block stk-876d865\" data-v=\"4\" data-block-id=\"876d865\"><style>.stk-876d865-container{box-shadow:0px 2px 20px rgba(153, 153, 153, 0.2) !important;}<\/style><div class=\"stk-column-wrapper stk-block-column__content stk-container stk-876d865-container stk-hover-parent\"><div class=\"stk-block-content stk-inner-blocks stk-876d865-inner-blocks\">\n<div class=\"wp-block-stackable-image stk-block-image stk-block stk-6eea858\" data-block-id=\"6eea858\"><figure><span class=\"stk-img-wrapper stk-image--shape-stretch\"><img decoding=\"async\" class=\"stk-img wp-image-2336\" src=\"https:\/\/storage.googleapis.com\/stackable-plugin-assets\/library-v3\/section-elevate-service-2\/c004a588c73d.jpg\" width=\"800\" height=\"795\"\/><\/span><\/figure><\/div>\n\n\n\n<div class=\"wp-block-stackable-heading stk-block-heading stk-block-heading--v2 stk-block stk-9e73264\" id=\"episodio-3\" data-block-id=\"9e73264\"><style>.stk-9e73264 {margin-bottom:0px !important;}.stk-9e73264 .stk-block-heading__text{font-size:32px !important;color:#000000 !important;font-weight:bold !important;font-family:\"Lato\", Sans-serif !important;}@media screen and (max-width:999px){.stk-9e73264 .stk-block-heading__text{font-size:32px !important;}}<\/style><h2 class=\"stk-block-heading__text has-text-color\">EPISODIO 3<\/h2><\/div>\n\n\n\n<div class=\"wp-block-stackable-text stk-block-text stk-block stk-c528379\" data-block-id=\"c528379\"><style>.stk-c528379 {margin-bottom:20px !important;}<\/style><p class=\"stk-block-text__text\">Descripci\u00f3n del episodio<\/p><\/div>\n\n\n\n<div class=\"wp-block-buttons is-layout-flex wp-block-buttons-is-layout-flex\">\n<div class=\"wp-block-button\"><a class=\"wp-block-button__link wp-element-button\">SPOTIFY<\/a><\/div>\n<\/div>\n<\/div><\/div><\/div>\n<\/div><\/div>\n\n\n\n<p><\/p>\n\n\n\n<div class=\"wp-block-stackable-hero alignfull stk-block-hero stk-block stk-9a00b06 is-style-default\" data-v=\"2\" data-block-id=\"9a00b06\"><style>.stk-9a00b06 {min-height:1000px !important;max-width:1500px !important;min-width:auto !important;margin-top:-51px !important;margin-right:auto !important;margin-bottom:80px !important;margin-left:auto !important;}.stk-9a00b06-container{background-color:#abb8c3 !important;background-image:url(https:\/\/fundacion.narrarelfuturo.com\/wp-content\/uploads\/2025\/03\/485995048_1087659756725324_364257854103387583_n.jpg) !important;}.stk-9a00b06-container:before{background-color:#abb8c3 !important;opacity:1 !important;}.stk-9a00b06 .stk-block-hero__content{min-height:420px !important;align-items:center !important;max-width:100% !important;min-width:auto !important;padding-top:0px !important;padding-bottom:6px !important;margin-right:auto !important;margin-left:auto !important;display:flex !important;}@media screen and (max-width:999px){.stk-9a00b06 .stk-block-hero__content{padding-top:56px !important;padding-bottom:56px !important;}}@media screen and (max-width:689px){.stk-9a00b06 {margin-bottom:32px !important;}}<\/style><div class=\"stk-block-hero__content stk-content-align stk-9a00b06-column alignfull stk-container stk-9a00b06-container stk-hover-parent stk--has-background-overlay\"><div class=\"stk-block-content stk-inner-blocks has-text-align-center stk-9a00b06-inner-blocks\">\n<div class=\"wp-block-stackable-heading stk-block-heading stk-block-heading--v2 stk-block stk-bdb0e99\" id=\"span-style-color-var-stk-global-color-60579-1-c-1-c-1-c-class-stk-highlight-product-showcase-span\" data-block-id=\"bdb0e99\"><style>@media screen and (max-width:689px){.stk-bdb0e99 .stk-block-heading__text{font-size:24px !important;}}<\/style><h2 class=\"stk-block-heading__text\">RECURSOS<\/h2><\/div>\n\n\n\n<div class=\"wp-block-stackable-text stk-block-text stk-block stk-20976db\" data-block-id=\"20976db\"><p class=\"stk-block-text__text\"><span class=\"stk-highlight\">Descarga ac\u00e1 los mejores momentos.<\/span><\/p><\/div>\n\n\n\n<div class=\"wp-block-stackable-columns stk-block-columns stk-block stk-3b3a90c\" data-block-id=\"3b3a90c\"><style>.stk-3b3a90c {margin-bottom:32px !important;}<\/style><div class=\"stk-row stk-inner-blocks stk-block-content stk-content-align stk-3b3a90c-column\">\n<div class=\"wp-block-stackable-column stk-block-column stk-column stk-block stk-c9909e5\" data-v=\"4\" data-block-id=\"c9909e5\"><div class=\"stk-column-wrapper stk-block-column__content stk-container stk-c9909e5-container stk--no-background stk--no-padding\"><div class=\"stk-block-content stk-inner-blocks stk-c9909e5-inner-blocks\">\n<div class=\"wp-block-stackable-columns stk-block-columns stk-block stk-b095cc0\" data-block-id=\"b095cc0\"><div class=\"stk-row stk-inner-blocks stk-block-content stk-content-align stk-b095cc0-column\">\n<div class=\"wp-block-stackable-column stk-block-column stk-column stk-block stk-4a59de2\" data-v=\"4\" data-block-id=\"4a59de2\"><div class=\"stk-column-wrapper stk-block-column__content stk-container stk-4a59de2-container stk--no-background stk--no-padding\"><div class=\"stk-block-content stk-inner-blocks stk-4a59de2-inner-blocks\">\n<div class=\"wp-block-stackable-image stk-block-image stk-block stk-a33f8c5\" data-block-id=\"a33f8c5\"><style>.stk-a33f8c5 .stk-img-wrapper{width:100% !important;height:514px !important;}<\/style><figure><span class=\"stk-img-wrapper stk-image--shape-stretch\"><img loading=\"lazy\" decoding=\"async\" class=\"stk-img wp-image-846\" src=\"https:\/\/fundacion.narrarelfuturo.com\/wp-content\/uploads\/2025\/03\/20240827-163541.jpg\" width=\"720\" height=\"1080\" srcset=\"https:\/\/fundacion.narrarelfuturo.com\/wp-content\/uploads\/2025\/03\/20240827-163541.jpg 720w, https:\/\/fundacion.narrarelfuturo.com\/wp-content\/uploads\/2025\/03\/20240827-163541-200x300.jpg 200w, https:\/\/fundacion.narrarelfuturo.com\/wp-content\/uploads\/2025\/03\/20240827-163541-683x1024.jpg 683w\" sizes=\"(max-width: 720px) 100vw, 720px\" \/><\/span><\/figure><\/div>\n<\/div><\/div><\/div>\n\n\n\n<div class=\"wp-block-stackable-column stk-block-column stk-column stk-block stk-cf9f9d0\" data-v=\"4\" data-block-id=\"cf9f9d0\"><div class=\"stk-column-wrapper stk-block-column__content stk-container stk-cf9f9d0-container stk--no-background stk--no-padding\"><div class=\"stk-block-content stk-inner-blocks stk-cf9f9d0-inner-blocks\">\n<div class=\"wp-block-stackable-image stk-block-image stk-block stk-598966e\" data-block-id=\"598966e\"><style>.stk-598966e .stk-img-wrapper{width:100% !important;height:520px !important;}<\/style><figure><span class=\"stk-img-wrapper stk-image--shape-stretch\"><img loading=\"lazy\" decoding=\"async\" class=\"stk-img wp-image-1340\" src=\"https:\/\/fundacion.narrarelfuturo.com\/wp-content\/uploads\/2025\/04\/458583274_938203398337628_8503911600591639159_n.jpg\" width=\"2048\" height=\"2048\" srcset=\"https:\/\/fundacion.narrarelfuturo.com\/wp-content\/uploads\/2025\/04\/458583274_938203398337628_8503911600591639159_n.jpg 2048w, https:\/\/fundacion.narrarelfuturo.com\/wp-content\/uploads\/2025\/04\/458583274_938203398337628_8503911600591639159_n-300x300.jpg 300w, https:\/\/fundacion.narrarelfuturo.com\/wp-content\/uploads\/2025\/04\/458583274_938203398337628_8503911600591639159_n-1024x1024.jpg 1024w, https:\/\/fundacion.narrarelfuturo.com\/wp-content\/uploads\/2025\/04\/458583274_938203398337628_8503911600591639159_n-150x150.jpg 150w, https:\/\/fundacion.narrarelfuturo.com\/wp-content\/uploads\/2025\/04\/458583274_938203398337628_8503911600591639159_n-768x768.jpg 768w, https:\/\/fundacion.narrarelfuturo.com\/wp-content\/uploads\/2025\/04\/458583274_938203398337628_8503911600591639159_n-1536x1536.jpg 1536w\" sizes=\"(max-width: 2048px) 100vw, 2048px\" \/><\/span><\/figure><\/div>\n<\/div><\/div><\/div>\n\n\n\n<div class=\"wp-block-stackable-column stk-block-column stk-column stk-block stk-48ab4ce\" data-v=\"4\" data-block-id=\"48ab4ce\"><div class=\"stk-column-wrapper stk-block-column__content stk-container stk-48ab4ce-container stk--no-background stk--no-padding\"><div class=\"stk-block-content stk-inner-blocks stk-48ab4ce-inner-blocks\">\n<div class=\"wp-block-stackable-image stk-block-image stk-block stk-6bfee91\" data-block-id=\"6bfee91\"><style>.stk-6bfee91 .stk-img-wrapper{width:100% !important;height:516px !important;}<\/style><figure><span class=\"stk-img-wrapper stk-image--shape-stretch\"><img loading=\"lazy\" decoding=\"async\" class=\"stk-img wp-image-1130\" src=\"https:\/\/fundacion.narrarelfuturo.com\/wp-content\/uploads\/2025\/03\/india-sagrada-exposicion-6.jpg\" width=\"593\" height=\"400\" srcset=\"https:\/\/fundacion.narrarelfuturo.com\/wp-content\/uploads\/2025\/03\/india-sagrada-exposicion-6.jpg 593w, https:\/\/fundacion.narrarelfuturo.com\/wp-content\/uploads\/2025\/03\/india-sagrada-exposicion-6-300x202.jpg 300w\" sizes=\"(max-width: 593px) 100vw, 593px\" \/><\/span><\/figure><\/div>\n<\/div><\/div><\/div>\n<\/div><\/div>\n<\/div><\/div><\/div>\n<\/div><\/div>\n\n\n\n<div class=\"wp-block-stackable-button-group stk-block-button-group stk-block stk-350453a\" data-block-id=\"350453a\"><div class=\"stk-row stk-inner-blocks stk-block-content stk-button-group\">\n<div class=\"wp-block-stackable-button stk-block-button stk-block stk-a5e8837\" data-block-id=\"a5e8837\"><style>.stk-a5e8837 .stk-button{padding-right:24px !important;padding-left:24px !important;background:var(--stk-global-color-60579, #1c1c1c) !important;border-top-left-radius:50px !important;border-top-right-radius:50px !important;border-bottom-right-radius:50px !important;border-bottom-left-radius:50px !important;}<\/style><a class=\"stk-link stk-button stk--hover-effect-lift-scale-more\" href=\"\"><span class=\"stk-button__inner-text\">Check it Out<\/span><\/a><\/div>\n<\/div><\/div>\n<\/div><\/div><\/div>\n","protected":false},"excerpt":{"rendered":"<p>PODCAST EPISODIO 1 Descripci\u00f3n del episodio EPISODIO 2 Descripci\u00f3n del episodio EPISODIO 3 Descripci\u00f3n del episodio RECURSOS Descarga ac\u00e1 los mejores momentos. Check it Out<\/p>\n","protected":false},"author":1,"featured_media":0,"parent":0,"menu_order":0,"comment_status":"closed","ping_status":"closed","template":"","meta":{"footnotes":""},"class_list":["post-1226","page","type-page","status-publish","hentry"],"blocksy_meta":[],"_links":{"self":[{"href":"https:\/\/fundacion.narrarelfuturo.com\/index.php?rest_route=\/wp\/v2\/pages\/1226","targetHints":{"allow":["GET"]}}],"collection":[{"href":"https:\/\/fundacion.narrarelfuturo.com\/index.php?rest_route=\/wp\/v2\/pages"}],"about":[{"href":"https:\/\/fundacion.narrarelfuturo.com\/index.php?rest_route=\/wp\/v2\/types\/page"}],"author":[{"embeddable":true,"href":"https:\/\/fundacion.narrarelfuturo.com\/index.php?rest_route=\/wp\/v2\/users\/1"}],"replies":[{"embeddable":true,"href":"https:\/\/fundacion.narrarelfuturo.com\/index.php?rest_route=%2Fwp%2Fv2%2Fcomments&post=1226"}],"version-history":[{"count":5,"href":"https:\/\/fundacion.narrarelfuturo.com\/index.php?rest_route=\/wp\/v2\/pages\/1226\/revisions"}],"predecessor-version":[{"id":1396,"href":"https:\/\/fundacion.narrarelfuturo.com\/index.php?rest_route=\/wp\/v2\/pages\/1226\/revisions\/1396"}],"wp:attachment":[{"href":"https:\/\/fundacion.narrarelfuturo.com\/index.php?rest_route=%2Fwp%2Fv2%2Fmedia&parent=1226"}],"curies":[{"name":"wp","href":"https:\/\/api.w.org\/{rel}","templated":true}]}}